{"id":80,"date":"2020-09-16T14:44:19","date_gmt":"2020-09-16T12:44:19","guid":{"rendered":"https:\/\/hydraulik-gress.de\/?page_id=80"},"modified":"2020-09-16T16:19:54","modified_gmt":"2020-09-16T14:19:54","slug":"unsere-leistungen","status":"publish","type":"page","link":"https:\/\/hydraulik-gress.de\/?page_id=80","title":{"rendered":"Unsere Leistungen"},"content":{"rendered":"\n<p><strong>&#8222;Mehr als nur Hydraulik&#8220;<\/strong> &#8211; diese Leitidee pr\u00e4gt alle Bereiche der Ludwig Gress Hydraulik Service GmbH. Wir verstehen uns als Spezialist f\u00fcr ein einmaliges Full-Service-Angebot aus einer Hand rund um die Instandsetzung und Wartung von Hydraulikkomponenten. Wir geben unseren Kunden einen einzigartigen, schnellen und flexiblen Full-Service in allen Kompetenzbereichen f\u00fcr die Hydraulik, der weit \u00fcber Standards hinausgeht.<\/p>\n\n\n\n<p><strong>&#8222;Messbarer Mehrwert&#8220;<\/strong> &#8211; dank einmaligem Full-Service.<br>Lange Standzeiten von Produktionsanlagen wegen defekter Hydraulikkomponenten m\u00fcssen nicht sein, durch unseren schnellen und flexiblen Full-Service, der weit \u00fcber Reparatur und Wartung der Hydraulikkomponenten hinausgeht.<br>Gress Hydraulik Service Dienstleitung aus einer Hand &#8211; Instandsetzung und Mechanische Werkstatt garantiert Effizienz und Wirtschaftlichkeit. Dieses clevere Zusammenspiel spart wertvolle Zeit und Kosten und verschafft Ihnen so einen messbaren Mehrwert.<\/p>\n\n\n\n<p><strong>&#8222;Express-24 Stunden Service&#8220;<\/strong> &#8211; (auch vor Ort mit unserem Servicefahrzeug)<br>Produktionsausf\u00e4lle auf ein absolutes Minimum zu reduzieren, auf Wunsch auch in max. 24 Stunden. Das realisieren wir mit technischer Fachkompetenz und Erfahrung, der perfekten Abstimmung der Prozesse, Flexibilit\u00e4t, Termintreue und mit einer ausgefeilten Logistik. Ein Anruf gen\u00fcgt und wir \u00fcbernehmen alle n\u00f6tigen Schritte. Vom Ausbau des defekten Teiles \u00fcber den Transport, die Instandsetzung inkl. s\u00e4mtlicher Bearbeitungsschritte bis zum Wiedereinbau vor Ort.<\/p>\n\n\n\n<p><strong>&#8222;Qualit\u00e4t&#8220;<\/strong> &#8211; Know-How, jahrzehntelange Erfahrung und technische Kompetenz garantieren einen hohen Qualit\u00e4tsstandard. Das ist die Verpflichtung von Ludwig Gress Hydraulik Service GmbH immer nachkommt. Sorgf\u00e4ltige Pr\u00fcfungen und Kontrollen bestimmen den gesamten Prozess. Sie haben die Sicherheit, dass bei Gress Hydraulik alles stimmt: Leistung, Qualit\u00e4t, Service und Termine!<\/p>\n","protected":false},"excerpt":{"rendered":"<p>&#8222;Mehr als nur Hydraulik&#8220; &#8211; diese Leitidee pr\u00e4gt alle Bereiche der Ludwig Gress Hydraulik Service GmbH. Wir verstehen uns als Spezialist f\u00fcr ein einmaliges Full-Service-Angebot aus einer Hand rund um die Instandsetzung und Wartung von Hydraulikkomponenten. Wir geben unseren Kunden einen einzigartigen, schnellen und flexiblen Full-Service in allen Kompetenzbereichen f\u00fcr die Hydraulik, der weit \u00fcber [&hellip;]<\/p>\n","protected":false},"author":1,"featured_media":0,"parent":0,"menu_order":0,"comment_status":"closed","ping_status":"closed","template":"","meta":{"ngg_post_thumbnail":0,"footnotes":""},"_links":{"self":[{"href":"https:\/\/hydraulik-gress.de\/index.php?rest_route=\/wp\/v2\/pages\/80"}],"collection":[{"href":"https:\/\/hydraulik-gress.de\/index.php?rest_route=\/wp\/v2\/pages"}],"about":[{"href":"https:\/\/hydraulik-gress.de\/index.php?rest_route=\/wp\/v2\/types\/page"}],"author":[{"embeddable":true,"href":"https:\/\/hydraulik-gress.de\/index.php?rest_route=\/wp\/v2\/users\/1"}],"replies":[{"embeddable":true,"href":"https:\/\/hydraulik-gress.de\/index.php?rest_route=%2Fwp%2Fv2%2Fcomments&post=80"}],"version-history":[{"count":3,"href":"https:\/\/hydraulik-gress.de\/index.php?rest_route=\/wp\/v2\/pages\/80\/revisions"}],"predecessor-version":[{"id":126,"href":"https:\/\/hydraulik-gress.de\/index.php?rest_route=\/wp\/v2\/pages\/80\/revisions\/126"}],"wp:attachment":[{"href":"https:\/\/hydraulik-gress.de\/index.php?rest_route=%2Fwp%2Fv2%2Fmedia&parent=80"}],"curies":[{"name":"wp","href":"https:\/\/api.w.org\/{rel}","templated":true}]}}